{"id":21073,"date":"2018-06-21T14:27:50","date_gmt":"2018-06-21T13:27:50","guid":{"rendered":"https:\/\/www.patifix.nl\/?page_id=21073"},"modified":"2018-06-21T14:27:50","modified_gmt":"2018-06-21T13:27:50","slug":"politique-de-confidentialite","status":"publish","type":"page","link":"https:\/\/www.patifix.nl\/fr\/politique-de-confidentialite\/","title":{"rendered":"Politique de confidentialit\u00e9"},"content":{"rendered":"<p>Patisse Nederland BV Patisse Nederland BV, \u00e9tablie \u00e0 De Wijer 8<br \/>\n5527 EA Hapert, est responsable du traitement des donn\u00e9es \u00e0 caract\u00e8re personnel tel qu'il est d\u00e9crit dans la pr\u00e9sente d\u00e9claration de confidentialit\u00e9.<\/p>\n<p>Coordonn\u00e9es de la personne \u00e0 contacter :<br \/>\nhttps:\/\/www.patisse.nl De Wijer 8<br \/>\n5527 EA Hapert +31 497 383855<\/p>\n<p>M. F. Rommers est le d\u00e9l\u00e9gu\u00e9 \u00e0 la protection des donn\u00e9es de Patisse Nederland BV. Il peut \u00eatre contact\u00e9 \u00e0 l'adresse suivante : frank@patisse.nl.<\/p>\n<p>Donn\u00e9es personnelles que nous traitons<br \/>\nPatisse Nederland BV traite vos donn\u00e9es personnelles parce que vous utilisez nos services et\/ou parce que vous nous les fournissez vous-m\u00eame.<\/p>\n<p>Vous trouverez ci-dessous un aper\u00e7u des donn\u00e9es personnelles que nous traitons :<br \/>\n- Pr\u00e9nom et nom<br \/>\n- Coordonn\u00e9es<br \/>\n- Num\u00e9ro de t\u00e9l\u00e9phone<br \/>\n- Adresse \u00e9lectronique<\/p>\n<p>Donn\u00e9es personnelles sp\u00e9ciales et\/ou sensibles que nous traitons<br \/>\nNotre site web et\/ou service n'a pas l'intention de collecter des donn\u00e9es sur les visiteurs du site web \u00e2g\u00e9s de moins de 16 ans. \u00c0 moins qu'ils ne disposent d'une autorisation parentale ou d'un tuteur. Toutefois, nous ne pouvons pas v\u00e9rifier si un visiteur a plus de 16 ans. Nous conseillons donc aux parents de s'impliquer dans les activit\u00e9s en ligne de leurs enfants afin d'\u00e9viter de collecter des donn\u00e9es sur les enfants sans leur consentement. Si vous \u00eates convaincu que nous avons collect\u00e9 des donn\u00e9es personnelles sur un mineur sans ce consentement, veuillez nous contacter \u00e0 l'adresse info@patisse.nl et nous supprimerons ces informations.<\/p>\n<p>Dans quel but et sur quelle base nous traitons les donn\u00e9es \u00e0 caract\u00e8re personnel<br \/>\nPatisse Nederland BV traite vos donn\u00e9es personnelles aux fins suivantes :<br \/>\n- vous appeler ou vous envoyer un courrier \u00e9lectronique si cela s'av\u00e8re n\u00e9cessaire pour la prestation de nos services<\/p>\n<p>Prise de d\u00e9cision automatis\u00e9e<br \/>\nPatisse Nederland BV ne prend pas de d\u00e9cisions fond\u00e9es sur un traitement automatis\u00e9 concernant des questions susceptibles d'affecter (de mani\u00e8re significative) des personnes. Il s'agit de d\u00e9cisions prises par des programmes ou des syst\u00e8mes informatiques, sans qu'un \u00eatre humain (par exemple un employ\u00e9 de Patisse Nederland BV) ne soit impliqu\u00e9.<\/p>\n<p>Dur\u00e9e de conservation des donn\u00e9es personnelles<\/p>\n<p>Patisse Nederland BV ne conserve pas vos donn\u00e9es personnelles plus longtemps que ce qui est strictement n\u00e9cessaire pour atteindre les objectifs pour lesquels vos donn\u00e9es ont \u00e9t\u00e9 collect\u00e9es.<\/p>\n<p>Partage des donn\u00e9es personnelles avec des tiers<br \/>\nPatisse Nederland BV ne divulgue des informations \u00e0 des tiers que lorsque cela est n\u00e9cessaire pour l'ex\u00e9cution de notre contrat avec vous ou pour se conformer \u00e0 une obligation l\u00e9gale.<\/p>\n<p>Cookies, ou techniques similaires, que nous utilisons<br \/>\nPatisse Netherlands BV utilise des cookies fonctionnels, analytiques et de suivi. Un cookie est un petit fichier texte qui est stock\u00e9 dans le navigateur de votre ordinateur, tablette ou smartphone lors de votre premi\u00e8re visite sur ce site web. Patisse Nederland BV utilise des cookies ayant une fonctionnalit\u00e9 purement technique. Ils garantissent que le site web fonctionne correctement et que, par exemple, vos pr\u00e9f\u00e9rences sont m\u00e9moris\u00e9es. Ces cookies sont \u00e9galement utilis\u00e9s pour assurer le bon fonctionnement et l'optimisation du site web. En outre, nous pla\u00e7ons des cookies qui suivent votre comportement de navigation afin de pouvoir vous proposer un contenu et des publicit\u00e9s sur mesure.<\/p>\n<p>Lors de votre premi\u00e8re visite sur notre site web, nous vous avons d\u00e9j\u00e0 inform\u00e9 de l'existence de ces cookies et nous vous avons demand\u00e9 la permission de les installer.<\/p>\n<p>Vous pouvez refuser les cookies en param\u00e9trant votre navigateur Internet de mani\u00e8re \u00e0 ce qu'il ne les stocke plus. En outre, vous pouvez \u00e9galement supprimer toute information pr\u00e9c\u00e9demment stock\u00e9e via les param\u00e8tres de votre navigateur.<\/p>\n<p>Pour une explication, voir : https:\/\/veiliginternetten.nl\/themes\/situatie\/cookies-wat-zijn-het-en-wat-doe-ik-ermee\/<\/p>\n<p>Visualiser, modifier ou supprimer des donn\u00e9es<br \/>\nVous avez le droit de consulter, de corriger ou de supprimer vos donn\u00e9es personnelles. Vous pouvez le faire vous-m\u00eame via les param\u00e8tres personnels de votre compte. Vous avez \u00e9galement le droit de retirer votre \u00e9ventuel consentement au traitement des donn\u00e9es ou de vous opposer au traitement de vos donn\u00e9es personnelles par notre soci\u00e9t\u00e9, et vous avez le droit \u00e0 la portabilit\u00e9 des donn\u00e9es. Cela signifie que vous pouvez nous demander d'envoyer les donn\u00e9es personnelles que nous d\u00e9tenons sur vous dans un fichier informatique \u00e0 vous-m\u00eame ou \u00e0 une autre organisation que vous aurez d\u00e9sign\u00e9e.<\/p>\n<p>Si vous souhaitez exercer votre droit d'opposition et\/ou votre droit \u00e0 la portabilit\u00e9 des donn\u00e9es ou si vous avez d'autres questions\/commentaires sur le traitement des donn\u00e9es, veuillez envoyer une demande d\u00e9taill\u00e9e \u00e0 info@patisse.nl.<\/p>\n<p>Afin de s'assurer que la demande de contr\u00f4le \u00e9mane bien de vous, nous vous demandons d'accompagner votre demande d'une copie de votre preuve d'identit\u00e9. Sur cette copie, noircissez votre photo de passeport, la MRZ (zone de lecture automatique, la bande de chiffres au bas du passeport), le num\u00e9ro de passeport et le num\u00e9ro de service du citoyen (BSN). Ceci afin de prot\u00e9ger votre vie priv\u00e9e. Patisse Nederland BV r\u00e9pondra \u00e0 votre demande dans les plus brefs d\u00e9lais, et en tout \u00e9tat de cause dans un d\u00e9lai de quatre semaines.<\/p>\n<p>Patisse Nederland BV souhaite \u00e9galement vous informer que vous avez la possibilit\u00e9 de d\u00e9poser une plainte aupr\u00e8s de l'autorit\u00e9 de contr\u00f4le nationale, l'Autorit\u00e9 des donn\u00e9es personnelles. Vous pouvez le faire via le lien suivant : https:\/\/autoriteitpersoonsgegevens.nl\/nl\/contact-met-de-autoriteit-persoonsgegevens\/tip-ons<\/p>\n<p>Comment nous s\u00e9curisons les donn\u00e9es personnelles<br \/>\nPatisse Nederland BV prend au s\u00e9rieux la protection de vos donn\u00e9es et prend des mesures appropri\u00e9es pour \u00e9viter les abus, les pertes, les acc\u00e8s non autoris\u00e9s, les divulgations non d\u00e9sir\u00e9es et les modifications non autoris\u00e9es. Si vous avez l'impression que vos donn\u00e9es ne sont pas correctement s\u00e9curis\u00e9es ou qu'il existe des indices d'abus, veuillez contacter notre service client\u00e8le ou info@patisse.nl.<\/p>","protected":false},"excerpt":{"rendered":"<p>Patisse Nederland BV Patisse Nederland BV, situ\u00e9 \u00e0 De Wijer 8 5527 EA Hapert, est responsable du traitement des donn\u00e9es \u00e0 caract\u00e8re personnel tel qu'il est d\u00e9crit dans la pr\u00e9sente d\u00e9claration de confidentialit\u00e9. Coordonn\u00e9es : https:\/\/www.patisse.nl De Wijer 8 5527 EA Hapert +31 497 383855 M. F. Rommers est le d\u00e9l\u00e9gu\u00e9 \u00e0 la protection des donn\u00e9es de Patisse Nederland BV. Il peut \u00eatre contact\u00e9 \u00e0 l'adresse frank@patisse.nl Personal...<\/p>","protected":false},"author":1,"featured_media":0,"parent":0,"menu_order":0,"comment_status":"closed","ping_status":"closed","template":"","meta":{"_acf_changed":false,"footnotes":""},"class_list":["post-21073","page","type-page","status-publish","hentry"],"acf":[],"_links":{"self":[{"href":"https:\/\/www.patifix.nl\/fr\/wp-json\/wp\/v2\/pages\/21073","targetHints":{"allow":["GET"]}}],"collection":[{"href":"https:\/\/www.patifix.nl\/fr\/wp-json\/wp\/v2\/pages"}],"about":[{"href":"https:\/\/www.patifix.nl\/fr\/wp-json\/wp\/v2\/types\/page"}],"author":[{"embeddable":true,"href":"https:\/\/www.patifix.nl\/fr\/wp-json\/wp\/v2\/users\/1"}],"replies":[{"embeddable":true,"href":"https:\/\/www.patifix.nl\/fr\/wp-json\/wp\/v2\/comments?post=21073"}],"version-history":[{"count":0,"href":"https:\/\/www.patifix.nl\/fr\/wp-json\/wp\/v2\/pages\/21073\/revisions"}],"wp:attachment":[{"href":"https:\/\/www.patifix.nl\/fr\/wp-json\/wp\/v2\/media?parent=21073"}],"curies":[{"name":"wp","href":"https:\/\/api.w.org\/{rel}","templated":true}]}}