{"id":21073,"date":"2018-06-21T14:27:50","date_gmt":"2018-06-21T13:27:50","guid":{"rendered":"https:\/\/www.patifix.nl\/?page_id=21073"},"modified":"2018-06-21T14:27:50","modified_gmt":"2018-06-21T13:27:50","slug":"datenschutzbestimmungen","status":"publish","type":"page","link":"https:\/\/www.patifix.nl\/de\/datenschutzbestimmungen\/","title":{"rendered":"Datenschutzbestimmungen"},"content":{"rendered":"<p>Patisse Nederland BV Patisse Nederland BV, mit Sitz in De Wijer 8<br \/>\n5527 EA Hapert, ist verantwortlich f\u00fcr die Verarbeitung personenbezogener Daten, wie in dieser Datenschutzerkl\u00e4rung beschrieben.<\/p>\n<p>Kontaktinformationen:<br \/>\nhttps:\/\/www.patisse.nl De Wijer 8<br \/>\n5527 EA Hapert +31 497 383855<\/p>\n<p>Herr F. Rommers ist der Datenschutzbeauftragte von Patisse Nederland BV. Sie k\u00f6nnen ihn unter frank@patisse.nl erreichen.<\/p>\n<p>Von uns verarbeitete personenbezogene Daten<br \/>\nPatisse Nederland BV verarbeitet Ihre personenbezogenen Daten, weil Sie unsere Dienste in Anspruch nehmen und\/oder weil Sie sie uns selbst zur Verf\u00fcgung stellen.<\/p>\n<p>Nachstehend finden Sie einen \u00dcberblick \u00fcber die von uns verarbeiteten personenbezogenen Daten:<br \/>\n- Vorname und Nachname<br \/>\n- Angaben zur Adresse<br \/>\n- Rufnummer<br \/>\n- E-Mail Adresse<\/p>\n<p>Besondere und\/oder sensible personenbezogene Daten, die wir verarbeiten<br \/>\nUnsere Website und\/oder unser Dienst haben nicht die Absicht, Daten von Website-Besuchern zu sammeln, die unter 16 Jahre alt sind. Es sei denn, sie haben die Zustimmung ihrer Eltern oder Erziehungsberechtigten. Wir k\u00f6nnen jedoch nicht \u00fcberpr\u00fcfen, ob ein Besucher \u00e4lter als 16 Jahre ist. Wir raten daher den Eltern, die Online-Aktivit\u00e4ten ihrer Kinder zu \u00fcberwachen, um zu vermeiden, dass Daten von Kindern ohne elterliche Zustimmung erfasst werden. Wenn Sie davon \u00fcberzeugt sind, dass wir personenbezogene Daten \u00fcber einen Minderj\u00e4hrigen ohne eine solche Zustimmung gesammelt haben, wenden Sie sich bitte an info@patisse.nl, und wir werden diese Informationen l\u00f6schen.<\/p>\n<p>Zu welchem Zweck und auf welcher Grundlage wir personenbezogene Daten verarbeiten<br \/>\nPatisse Nederland BV verarbeitet Ihre personenbezogenen Daten f\u00fcr die folgenden Zwecke:<br \/>\n- Sie anzurufen oder per E-Mail zu kontaktieren, wenn dies zur Erbringung unserer Dienstleistungen erforderlich ist<\/p>\n<p>Automatisierte Entscheidungsfindung<br \/>\nPatisse Nederland BV trifft keine Entscheidungen auf der Grundlage einer automatisierten Verarbeitung \u00fcber Angelegenheiten, die Personen (erheblich) beeintr\u00e4chtigen k\u00f6nnten. Dies sind Entscheidungen, die von Computerprogrammen oder -systemen getroffen werden, ohne dass ein Mensch (z.B. ein Mitarbeiter von Patisse Nederland BV) daran beteiligt ist.<\/p>\n<p>Wie lange wir personenbezogene Daten aufbewahren<\/p>\n<p>Patisse Nederland BV bewahrt Ihre personenbezogenen Daten nicht l\u00e4nger auf, als es f\u00fcr die Erf\u00fcllung der Zwecke, f\u00fcr die Ihre Daten erhoben wurden, unbedingt erforderlich ist.<\/p>\n<p>Weitergabe personenbezogener Daten an Dritte<br \/>\nPatisse Nederland BV gibt die Daten nur dann an Dritte weiter, wenn dies f\u00fcr die Ausf\u00fchrung unseres Vertrags mit Ihnen oder zur Erf\u00fcllung einer gesetzlichen Verpflichtung erforderlich ist.<\/p>\n<p>Cookies oder \u00e4hnliche Techniken, die wir verwenden<br \/>\nPatisse Netherlands BV verwendet funktionale, analytische und Tracking-Cookies. Ein Cookie ist eine kleine Textdatei, die im Browser Ihres Computers, Tablets oder Smartphones gespeichert wird, wenn Sie diese Website zum ersten Mal besuchen. Patisse Nederland BV verwendet Cookies mit einer rein technischen Funktion. Diese sorgen daf\u00fcr, dass die Website ordnungsgem\u00e4\u00df funktioniert und dass beispielsweise Ihre Pr\u00e4ferenzen gespeichert werden. Diese Cookies werden auch verwendet, um das Funktionieren der Website zu gew\u00e4hrleisten und sie zu optimieren. Au\u00dferdem platzieren wir Cookies, die Ihr Surfverhalten verfolgen, damit wir Ihnen ma\u00dfgeschneiderte Inhalte und Werbung anbieten k\u00f6nnen.<\/p>\n<p>Bei Ihrem ersten Besuch auf unserer Website haben wir Sie bereits \u00fcber diese Cookies informiert und um Ihr Einverst\u00e4ndnis gebeten, sie zu setzen.<\/p>\n<p>Sie k\u00f6nnen die Verwendung von Cookies ablehnen, indem Sie Ihren Internet-Browser so einstellen, dass keine Cookies mehr gespeichert werden. Dar\u00fcber hinaus k\u00f6nnen Sie \u00fcber die Einstellungen Ihres Browsers alle zuvor gespeicherten Informationen l\u00f6schen.<\/p>\n<p>F\u00fcr eine Erkl\u00e4rung siehe: https:\/\/veiliginternetten.nl\/themes\/situatie\/cookies-wat-zijn-het-en-wat-doe-ik-ermee\/<\/p>\n<p>Daten ansehen, \u00e4ndern oder l\u00f6schen<br \/>\nSie haben das Recht, Ihre pers\u00f6nlichen Daten einzusehen, zu korrigieren oder zu l\u00f6schen. Sie k\u00f6nnen dies selbst \u00fcber die pers\u00f6nlichen Einstellungen Ihres Kontos tun. Sie haben auch das Recht, Ihre eventuelle Zustimmung zur Datenverarbeitung zu widerrufen oder der Verarbeitung Ihrer personenbezogenen Daten durch unser Unternehmen zu widersprechen, und Sie haben das Recht auf Daten\u00fcbertragbarkeit. Das bedeutet, dass Sie bei uns beantragen k\u00f6nnen, dass die personenbezogenen Daten, die wir \u00fcber Sie in einer Computerdatei gespeichert haben, an Sie oder eine andere von Ihnen benannte Organisation \u00fcbermittelt werden.<\/p>\n<p>Wenn Sie von Ihrem Widerspruchsrecht und\/oder Ihrem Recht auf Daten\u00fcbertragbarkeit Gebrauch machen m\u00f6chten oder sonstige Fragen\/Anmerkungen zur Datenverarbeitung haben, senden Sie bitte einen detaillierten Antrag an info@patisse.nl.<\/p>\n<p>Um sicherzustellen, dass der Antrag auf Einsichtnahme von Ihnen gestellt wird, bitten wir Sie, dem Antrag eine Kopie Ihres Identit\u00e4tsnachweises beizuf\u00fcgen. Schw\u00e4rzen Sie auf dieser Kopie Ihr Passfoto, die MRZ (maschinenlesbare Zone, der Zahlenstreifen am unteren Rand des Passes), die Passnummer und die B\u00fcrgerservicenummer (BSN). Dies dient dem Schutz Ihrer Privatsph\u00e4re. Patisse Nederland BV wird Ihren Antrag so schnell wie m\u00f6glich, in jedem Fall aber innerhalb von vier Wochen beantworten.<\/p>\n<p>Patisse Nederland BV m\u00f6chte Sie au\u00dferdem dar\u00fcber informieren, dass Sie die M\u00f6glichkeit haben, eine Beschwerde bei der nationalen Aufsichtsbeh\u00f6rde, der Beh\u00f6rde f\u00fcr personenbezogene Daten, einzureichen. Sie k\u00f6nnen dies \u00fcber den folgenden Link tun: https:\/\/autoriteitpersoonsgegevens.nl\/nl\/contact-met-de-autoriteit-persoonsgegevens\/tip-ons<\/p>\n<p>Wie wir personenbezogene Daten sch\u00fctzen<br \/>\nPatisse Nederland BV nimmt den Schutz Ihrer Daten ernst und ergreift geeignete Ma\u00dfnahmen, um Missbrauch, Verlust, unbefugten Zugriff, unerw\u00fcnschte Offenlegung und unbefugte \u00c4nderung zu verhindern. Wenn Sie den Eindruck haben, dass Ihre Daten nicht ordnungsgem\u00e4\u00df gesichert sind oder es Anzeichen f\u00fcr einen Missbrauch gibt, wenden Sie sich bitte an unseren Kundendienst oder \u00fcber info@patisse.nl.<\/p>","protected":false},"excerpt":{"rendered":"<p>Patisse Nederland BV Patisse Nederland BV, mit Sitz in De Wijer 8 5527 EA Hapert, ist verantwortlich f\u00fcr die Verarbeitung personenbezogener Daten, wie in dieser Datenschutzerkl\u00e4rung beschrieben. Kontaktinformationen: https:\/\/www.patisse.nl De Wijer 8 5527 EA Hapert +31 497 383855 Herr F. Rommers ist der Datenschutzbeauftragte von Patisse Nederland BV. Er ist erreichbar unter frank@patisse.nl Personal...<\/p>","protected":false},"author":1,"featured_media":0,"parent":0,"menu_order":0,"comment_status":"closed","ping_status":"closed","template":"","meta":{"_acf_changed":false,"footnotes":""},"class_list":["post-21073","page","type-page","status-publish","hentry"],"acf":[],"_links":{"self":[{"href":"https:\/\/www.patifix.nl\/de\/wp-json\/wp\/v2\/pages\/21073","targetHints":{"allow":["GET"]}}],"collection":[{"href":"https:\/\/www.patifix.nl\/de\/wp-json\/wp\/v2\/pages"}],"about":[{"href":"https:\/\/www.patifix.nl\/de\/wp-json\/wp\/v2\/types\/page"}],"author":[{"embeddable":true,"href":"https:\/\/www.patifix.nl\/de\/wp-json\/wp\/v2\/users\/1"}],"replies":[{"embeddable":true,"href":"https:\/\/www.patifix.nl\/de\/wp-json\/wp\/v2\/comments?post=21073"}],"version-history":[{"count":0,"href":"https:\/\/www.patifix.nl\/de\/wp-json\/wp\/v2\/pages\/21073\/revisions"}],"wp:attachment":[{"href":"https:\/\/www.patifix.nl\/de\/wp-json\/wp\/v2\/media?parent=21073"}],"curies":[{"name":"wp","href":"https:\/\/api.w.org\/{rel}","templated":true}]}}